{"id":3,"date":"2019-03-01T17:08:25","date_gmt":"2019-03-01T17:08:25","guid":{"rendered":"https:\/\/darc-advertising.com\/?page_id=3"},"modified":"2020-12-18T14:02:02","modified_gmt":"2020-12-18T12:02:02","slug":"privacy-policy","status":"publish","type":"page","link":"https:\/\/darc-advertising.com\/es\/privacy-policy\/","title":{"rendered":"Privacy Policy"},"content":{"rendered":"<div data-elementor-type=\"wp-page\" data-elementor-id=\"3\" class=\"elementor elementor-3\" data-elementor-post-type=\"page\">\n\t\t\t\t\t\t<section class=\"elementor-section elementor-top-section elementor-element elementor-element-178db04d elementor-section-boxed elementor-section-height-default elementor-section-height-default\" data-id=\"178db04d\" data-element_type=\"section\" data-e-type=\"section\" data-settings=\"{&quot;jet_parallax_layout_list&quot;:[]}\">\n\t\t\t\t\t\t<div class=\"elementor-container elementor-column-gap-default\">\n\t\t\t\t\t<div class=\"elementor-column elementor-col-100 elementor-top-column elementor-element elementor-element-4083ca06\" data-id=\"4083ca06\" data-element_type=\"column\" data-e-type=\"column\">\n\t\t\t<div class=\"elementor-widget-wrap elementor-element-populated\">\n\t\t\t\t\t\t<div class=\"elementor-element elementor-element-f8d7b8c elementor-widget elementor-widget-text-editor\" data-id=\"f8d7b8c\" data-element_type=\"widget\" data-e-type=\"widget\" data-widget_type=\"text-editor.default\">\n\t\t\t\t<div class=\"elementor-widget-container\">\n\t\t\t\t\t\t\t\t\t<p><\/p>\n<p><b>Esta Pol\u00edtica de Cookies explica qu\u00e9 son las cookies y c\u00f3mo las utilizamos.&nbsp;&nbsp;<\/b><\/p>\n<p>Deber\u00eda leer esta pol\u00edtica para entender qu\u00e9 son las cookies, c\u00f3mo las utilizamos, los tipos de cookies que utilizamos, es decir, la informaci\u00f3n que recopilamos utilizando cookies y c\u00f3mo se utiliza esta informaci\u00f3n y c\u00f3mo controlar sus preferencias de cookies.&nbsp;<\/p>\n<p>Para m\u00e1s informaci\u00f3n sobre c\u00f3mo utilizamos, almacenamos y mantenemos seguros sus datos personales, consulte nuestra Pol\u00edtica de privacidad.&nbsp;<\/p>\n<p>Puede cambiar o retirar su consentimiento de la Declaraci\u00f3n de Cookies en nuestro sitio web en cualquier momento. Obtenga m\u00e1s informaci\u00f3n sobre qui\u00e9nes somos, c\u00f3mo puede ponerse en contacto con nosotros y c\u00f3mo procesamos los datos personales en nuestra Pol\u00edtica de privacidad. Su consentimiento se aplica al sitio web actual.<\/p>\n<p><b>\u00bfQu\u00e9 son las cookies?;&nbsp;<\/b><br>Las cookies son peque\u00f1os archivos de texto que se utilizan para almacenar peque\u00f1as piezas de informaci\u00f3n. Las cookies se almacenan en su dispositivo cuando el sitio web se ha cargado en su navegador. Estas cookies nos ayudan a hacer que el sitio funcione correctamente, a que el sitio sea m\u00e1s seguro, a ofrecer una mejor experiencia al usuario y a entender c\u00f3mo funciona el sitio y analizar lo que funciona y lo que necesita mejoras.<\/p>\n<p><b>\u00bfC\u00f3mo utilizamos las cookies?;<\/b><br>&nbsp;Como la mayor\u00eda de los servicios en l\u00ednea, nuestro sitio web utiliza cookies de origen y de terceros para muchos fines. Las cookies de origen son necesarias para que el sitio web funcione correctamente y no recogen ning\u00fan dato personal.<\/p>\n<p><b>Cookies de terceros<\/b>&nbsp;utilizadas en nuestros sitios web se utilizan principalmente para comprender c\u00f3mo funciona el sitio, c\u00f3mo interact\u00faa usted con nuestro sitio, mantener la seguridad de nuestros servicios, ofrecer publicidad relevante y proporcionar una experiencia de usuario cada vez mejor y acelerar sus futuras interacciones con nuestro sitio.<\/p>\n<p><b>\u00bfQu\u00e9 tipos de cookies utilizamos?;&nbsp;<\/b><br>Conceptos b\u00e1sicos : Algunas cookies son necesarias para que pueda disfrutar de todas las funciones de nuestro sitio web. Nos permiten mantener las sesiones de los usuarios y evitar cualquier amenaza a la seguridad. No recogen ni almacenan ninguna informaci\u00f3n personal. Por ejemplo, estas cookies le permiten iniciar sesi\u00f3n en su cuenta y a\u00f1adir productos a su cesta y pagar de forma segura.<\/p>\n<p><b>Estad\u00edsticas:<\/b><br>&nbsp;Estas cookies almacenan informaci\u00f3n como el n\u00famero de visitantes del sitio web, el n\u00famero de visitantes \u00fanicos, las p\u00e1ginas del sitio web visitadas, el origen de la visita, etc. Estos datos nos ayudan a comprender y analizar el rendimiento del sitio web y las \u00e1reas que requieren mejoras.<\/p>\n<p><b>Marketing:<\/b><br>&nbsp;Nuestro sitio web muestra anuncios. Estas cookies se utilizan para personalizar los anuncios que le mostramos para que sean significativos para usted. Estas cookies nos ayudan a controlar la eficacia de estas campa\u00f1as publicitarias.<br>La informaci\u00f3n almacenada en estas cookies tambi\u00e9n puede ser utilizada por terceros proveedores de publicidad para publicar anuncios en otros sitios del navegador.<\/p>\n<p><b>Funcional:<\/b><br>&nbsp;Se trata de cookies que ayudan con determinadas funciones no esenciales de nuestro sitio web. Estas funciones incluyen incrustar contenido como v\u00eddeos o compartir contenido del sitio en plataformas de medios sociales. Preferencias: Estas cookies nos ayudan a almacenar su configuraci\u00f3n y preferencias de navegaci\u00f3n, como las preferencias de idioma, para que tenga una experiencia mejor y m\u00e1s eficiente en futuras visitas al sitio.<\/p>\n<p><b>\u00bfC\u00f3mo puedo controlar mis preferencias de cookies?;<br>&nbsp;<\/b>Si decide cambiar sus preferencias m\u00e1s adelante en su periodo de navegaci\u00f3n, puede hacer clic en la pesta\u00f1a \u00abPol\u00edtica de privacidad y cookies\u00bb en la parte inferior de la p\u00e1gina. Volver\u00e1 a aparecer esta p\u00e1gina donde podr\u00e1 hacer clic en estos ajustes de Cookies, lo que le permitir\u00e1 cambiar sus preferencias o retirar completamente su consentimiento.<\/p>\n<p>Adem\u00e1s, los distintos navegadores ofrecen diferentes m\u00e9todos para bloquear y eliminar las cookies utilizadas por los sitios web. Puede cambiar la configuraci\u00f3n de su navegador para bloquear\/eliminar las cookies.&nbsp;<\/p>\n<p>Para obtener m\u00e1s informaci\u00f3n sobre c\u00f3mo gestionar y eliminar las cookies, visite wikipedia.org, www.allaboutcookies.org.<\/p>\n<p><\/p>\t\t\t\t\t\t\t\t<\/div>\n\t\t\t\t<\/div>\n\t\t\t\t\t<\/div>\n\t\t<\/div>\n\t\t\t\t\t<\/div>\n\t\t<\/section>\n\t\t\t\t<\/div>","protected":false},"excerpt":{"rendered":"<p>\u0391\u03c5\u03c4\u03ae \u03b7 \u03a0\u03bf\u03bb\u03b9\u03c4\u03b9\u03ba\u03ae cookie \u03b5\u03be\u03b7\u03b3\u03b5\u03af \u03c4\u03b9 \u03b5\u03af\u03bd\u03b1\u03b9 \u03c4\u03b1 cookies \u03ba\u03b1\u03b9 \u03c0\u03ce\u03c2 \u03c4\u03b1 \u03c7\u03c1\u03b7\u03c3\u03b9\u03bc\u03bf\u03c0\u03bf\u03b9\u03bf\u03cd\u03bc\u03b5.&nbsp;&nbsp; \u0398\u03b1 \u03c0\u03c1\u03ad\u03c0\u03b5\u03b9 \u03bd\u03b1 \u03b4\u03b9\u03b1\u03b2\u03ac\u03c3\u03b5\u03c4\u03b5 \u03b1\u03c5\u03c4\u03ae\u03bd \u03c4\u03b7\u03bd \u03c0\u03bf\u03bb\u03b9\u03c4\u03b9\u03ba\u03ae \u03b3\u03b9\u03b1 \u03bd\u03b1 \u03ba\u03b1\u03c4\u03b1\u03bd\u03bf\u03ae\u03c3\u03b5\u03c4\u03b5 \u03c4\u03b9 \u03b5\u03af\u03bd\u03b1\u03b9 \u03c4\u03b1 cookies, \u03c0\u03ce\u03c2 \u03c4\u03b1 \u03c7\u03c1\u03b7\u03c3\u03b9\u03bc\u03bf\u03c0\u03bf\u03b9\u03bf\u03cd\u03bc\u03b5, \u03c4\u03bf\u03c5\u03c2 \u03c4\u03cd\u03c0\u03bf\u03c5\u03c2 cookie \u03c0\u03bf\u03c5 \u03c7\u03c1\u03b7\u03c3\u03b9\u03bc\u03bf\u03c0\u03bf\u03b9\u03bf\u03cd\u03bc\u03b5 \u03b4\u03b7\u03bb\u03b1\u03b4\u03ae \u03c4\u03b9\u03c2 \u03c0\u03bb\u03b7\u03c1\u03bf\u03c6\u03bf\u03c1\u03af\u03b5\u03c2 \u03c0\u03bf\u03c5 \u03c3\u03c5\u03bb\u03bb\u03ad\u03b3\u03bf\u03c5\u03bc\u03b5 \u03c7\u03c1\u03b7\u03c3\u03b9\u03bc\u03bf\u03c0\u03bf\u03b9\u03ce\u03bd\u03c4\u03b1\u03c2 \u03c4\u03b1 cookies \u03ba\u03b1\u03b9 \u03c0\u03ce\u03c2 \u03c7\u03c1\u03b7\u03c3\u03b9\u03bc\u03bf\u03c0\u03bf\u03b9\u03bf\u03cd\u03bd\u03c4\u03b1\u03b9 \u03b1\u03c5\u03c4\u03ad\u03c2 \u03bf\u03b9 \u03c0\u03bb\u03b7\u03c1\u03bf\u03c6\u03bf\u03c1\u03af\u03b5\u03c2 \u03ba\u03b1\u03b9 \u03c4\u03bf\u03bd \u03c4\u03c1\u03cc\u03c0\u03bf \u03b5\u03bb\u03ad\u03b3\u03c7\u03bf\u03c5 \u03c4\u03c9\u03bd \u03c0\u03c1\u03bf\u03c4\u03b9\u03bc\u03ae\u03c3\u03b5\u03c9\u03bd [&hellip;]<\/p>","protected":false},"author":1,"featured_media":0,"parent":0,"menu_order":0,"comment_status":"closed","ping_status":"closed","template":"elementor_canvas","meta":{"_acf_changed":false,"footnotes":""},"class_list":["post-3","page","type-page","status-publish","hentry"],"acf":[],"yoast_head":"<!-- This site is optimized with the Yoast SEO Premium plugin v23.0 (Yoast SEO v27.4) - https:\/\/yoast.com\/product\/yoast-seo-premium-wordpress\/ -->\n<title>Privacy Policy - DARC Advertising<\/title>\n<meta name=\"robots\" content=\"index, follow, max-snippet:-1, max-image-preview:large, max-video-preview:-1\" \/>\n<link rel=\"canonical\" href=\"https:\/\/darc-advertising.com\/es\/privacy-policy\/\" \/>\n<meta property=\"og:locale\" content=\"es_ES\" \/>\n<meta property=\"og:type\" content=\"article\" \/>\n<meta property=\"og:title\" content=\"Privacy Policy\" \/>\n<meta property=\"og:description\" content=\"\u0391\u03c5\u03c4\u03ae \u03b7 \u03a0\u03bf\u03bb\u03b9\u03c4\u03b9\u03ba\u03ae cookie \u03b5\u03be\u03b7\u03b3\u03b5\u03af \u03c4\u03b9 \u03b5\u03af\u03bd\u03b1\u03b9 \u03c4\u03b1 cookies \u03ba\u03b1\u03b9 \u03c0\u03ce\u03c2 \u03c4\u03b1 \u03c7\u03c1\u03b7\u03c3\u03b9\u03bc\u03bf\u03c0\u03bf\u03b9\u03bf\u03cd\u03bc\u03b5.&nbsp;&nbsp; \u0398\u03b1 \u03c0\u03c1\u03ad\u03c0\u03b5\u03b9 \u03bd\u03b1 \u03b4\u03b9\u03b1\u03b2\u03ac\u03c3\u03b5\u03c4\u03b5 \u03b1\u03c5\u03c4\u03ae\u03bd \u03c4\u03b7\u03bd \u03c0\u03bf\u03bb\u03b9\u03c4\u03b9\u03ba\u03ae \u03b3\u03b9\u03b1 \u03bd\u03b1 \u03ba\u03b1\u03c4\u03b1\u03bd\u03bf\u03ae\u03c3\u03b5\u03c4\u03b5 \u03c4\u03b9 \u03b5\u03af\u03bd\u03b1\u03b9 \u03c4\u03b1 cookies, \u03c0\u03ce\u03c2 \u03c4\u03b1 \u03c7\u03c1\u03b7\u03c3\u03b9\u03bc\u03bf\u03c0\u03bf\u03b9\u03bf\u03cd\u03bc\u03b5, \u03c4\u03bf\u03c5\u03c2 \u03c4\u03cd\u03c0\u03bf\u03c5\u03c2 cookie \u03c0\u03bf\u03c5 \u03c7\u03c1\u03b7\u03c3\u03b9\u03bc\u03bf\u03c0\u03bf\u03b9\u03bf\u03cd\u03bc\u03b5 \u03b4\u03b7\u03bb\u03b1\u03b4\u03ae \u03c4\u03b9\u03c2 \u03c0\u03bb\u03b7\u03c1\u03bf\u03c6\u03bf\u03c1\u03af\u03b5\u03c2 \u03c0\u03bf\u03c5 \u03c3\u03c5\u03bb\u03bb\u03ad\u03b3\u03bf\u03c5\u03bc\u03b5 \u03c7\u03c1\u03b7\u03c3\u03b9\u03bc\u03bf\u03c0\u03bf\u03b9\u03ce\u03bd\u03c4\u03b1\u03c2 \u03c4\u03b1 cookies \u03ba\u03b1\u03b9 \u03c0\u03ce\u03c2 \u03c7\u03c1\u03b7\u03c3\u03b9\u03bc\u03bf\u03c0\u03bf\u03b9\u03bf\u03cd\u03bd\u03c4\u03b1\u03b9 \u03b1\u03c5\u03c4\u03ad\u03c2 \u03bf\u03b9 \u03c0\u03bb\u03b7\u03c1\u03bf\u03c6\u03bf\u03c1\u03af\u03b5\u03c2 \u03ba\u03b1\u03b9 \u03c4\u03bf\u03bd \u03c4\u03c1\u03cc\u03c0\u03bf \u03b5\u03bb\u03ad\u03b3\u03c7\u03bf\u03c5 \u03c4\u03c9\u03bd \u03c0\u03c1\u03bf\u03c4\u03b9\u03bc\u03ae\u03c3\u03b5\u03c9\u03bd [&hellip;]\" \/>\n<meta property=\"og:url\" content=\"https:\/\/darc-advertising.com\/es\/privacy-policy\/\" \/>\n<meta property=\"og:site_name\" content=\"DARC Advertising\" \/>\n<meta property=\"article:modified_time\" content=\"2020-12-18T12:02:02+00:00\" \/>\n<meta name=\"twitter:card\" content=\"summary_large_image\" \/>\n<script type=\"application\/ld+json\" class=\"yoast-schema-graph\">{\"@context\":\"https:\\\/\\\/schema.org\",\"@graph\":[{\"@type\":\"WebPage\",\"@id\":\"https:\\\/\\\/darc-advertising.com\\\/privacy-policy\\\/\",\"url\":\"https:\\\/\\\/darc-advertising.com\\\/privacy-policy\\\/\",\"name\":\"Privacy Policy - DARC Advertising\",\"isPartOf\":{\"@id\":\"https:\\\/\\\/darc-advertising.com\\\/#website\"},\"datePublished\":\"2019-03-01T17:08:25+00:00\",\"dateModified\":\"2020-12-18T12:02:02+00:00\",\"breadcrumb\":{\"@id\":\"https:\\\/\\\/darc-advertising.com\\\/privacy-policy\\\/#breadcrumb\"},\"inLanguage\":\"es\",\"potentialAction\":[{\"@type\":\"ReadAction\",\"target\":[\"https:\\\/\\\/darc-advertising.com\\\/privacy-policy\\\/\"]}]},{\"@type\":\"BreadcrumbList\",\"@id\":\"https:\\\/\\\/darc-advertising.com\\\/privacy-policy\\\/#breadcrumb\",\"itemListElement\":[{\"@type\":\"ListItem\",\"position\":1,\"name\":\"Home\",\"item\":\"https:\\\/\\\/darc-advertising.com\\\/\"},{\"@type\":\"ListItem\",\"position\":2,\"name\":\"Privacy Policy\"}]},{\"@type\":\"WebSite\",\"@id\":\"https:\\\/\\\/darc-advertising.com\\\/#website\",\"url\":\"https:\\\/\\\/darc-advertising.com\\\/\",\"name\":\"DARC Advertising\",\"description\":\"\u03a5\u03c0\u03b7\u03c1\u03b5\u03c3\u03af\u03b5\u03c2 \u03b4\u03b9\u03b1\u03c6\u03ae\u03bc\u03b9\u03c3\u03b7\u03c2 \u03ba\u03b1\u03b9 \u03b5\u03c0\u03b9\u03ba\u03bf\u03b9\u03bd\u03c9\u03bd\u03af\u03b1\u03c2\",\"publisher\":{\"@id\":\"https:\\\/\\\/darc-advertising.com\\\/#organization\"},\"potentialAction\":[{\"@type\":\"SearchAction\",\"target\":{\"@type\":\"EntryPoint\",\"urlTemplate\":\"https:\\\/\\\/darc-advertising.com\\\/?s={search_term_string}\"},\"query-input\":{\"@type\":\"PropertyValueSpecification\",\"valueRequired\":true,\"valueName\":\"search_term_string\"}}],\"inLanguage\":\"es\"},{\"@type\":\"Organization\",\"@id\":\"https:\\\/\\\/darc-advertising.com\\\/#organization\",\"name\":\"DARC Advertising\",\"url\":\"https:\\\/\\\/darc-advertising.com\\\/\",\"logo\":{\"@type\":\"ImageObject\",\"inLanguage\":\"es\",\"@id\":\"https:\\\/\\\/darc-advertising.com\\\/#\\\/schema\\\/logo\\\/image\\\/\",\"url\":\"https:\\\/\\\/darc-advertising.com\\\/wp-content\\\/uploads\\\/white__ADV.svg\",\"contentUrl\":\"https:\\\/\\\/darc-advertising.com\\\/wp-content\\\/uploads\\\/white__ADV.svg\",\"width\":1003,\"height\":302,\"caption\":\"DARC Advertising\"},\"image\":{\"@id\":\"https:\\\/\\\/darc-advertising.com\\\/#\\\/schema\\\/logo\\\/image\\\/\"}}]}<\/script>\n<!-- \/ Yoast SEO Premium plugin. -->","yoast_head_json":{"title":"Privacy Policy - DARC Advertising","robots":{"index":"index","follow":"follow","max-snippet":"max-snippet:-1","max-image-preview":"max-image-preview:large","max-video-preview":"max-video-preview:-1"},"canonical":"https:\/\/darc-advertising.com\/es\/privacy-policy\/","og_locale":"es_ES","og_type":"article","og_title":"Privacy Policy","og_description":"\u0391\u03c5\u03c4\u03ae \u03b7 \u03a0\u03bf\u03bb\u03b9\u03c4\u03b9\u03ba\u03ae cookie \u03b5\u03be\u03b7\u03b3\u03b5\u03af \u03c4\u03b9 \u03b5\u03af\u03bd\u03b1\u03b9 \u03c4\u03b1 cookies \u03ba\u03b1\u03b9 \u03c0\u03ce\u03c2 \u03c4\u03b1 \u03c7\u03c1\u03b7\u03c3\u03b9\u03bc\u03bf\u03c0\u03bf\u03b9\u03bf\u03cd\u03bc\u03b5.&nbsp;&nbsp; \u0398\u03b1 \u03c0\u03c1\u03ad\u03c0\u03b5\u03b9 \u03bd\u03b1 \u03b4\u03b9\u03b1\u03b2\u03ac\u03c3\u03b5\u03c4\u03b5 \u03b1\u03c5\u03c4\u03ae\u03bd \u03c4\u03b7\u03bd \u03c0\u03bf\u03bb\u03b9\u03c4\u03b9\u03ba\u03ae \u03b3\u03b9\u03b1 \u03bd\u03b1 \u03ba\u03b1\u03c4\u03b1\u03bd\u03bf\u03ae\u03c3\u03b5\u03c4\u03b5 \u03c4\u03b9 \u03b5\u03af\u03bd\u03b1\u03b9 \u03c4\u03b1 cookies, \u03c0\u03ce\u03c2 \u03c4\u03b1 \u03c7\u03c1\u03b7\u03c3\u03b9\u03bc\u03bf\u03c0\u03bf\u03b9\u03bf\u03cd\u03bc\u03b5, \u03c4\u03bf\u03c5\u03c2 \u03c4\u03cd\u03c0\u03bf\u03c5\u03c2 cookie \u03c0\u03bf\u03c5 \u03c7\u03c1\u03b7\u03c3\u03b9\u03bc\u03bf\u03c0\u03bf\u03b9\u03bf\u03cd\u03bc\u03b5 \u03b4\u03b7\u03bb\u03b1\u03b4\u03ae \u03c4\u03b9\u03c2 \u03c0\u03bb\u03b7\u03c1\u03bf\u03c6\u03bf\u03c1\u03af\u03b5\u03c2 \u03c0\u03bf\u03c5 \u03c3\u03c5\u03bb\u03bb\u03ad\u03b3\u03bf\u03c5\u03bc\u03b5 \u03c7\u03c1\u03b7\u03c3\u03b9\u03bc\u03bf\u03c0\u03bf\u03b9\u03ce\u03bd\u03c4\u03b1\u03c2 \u03c4\u03b1 cookies \u03ba\u03b1\u03b9 \u03c0\u03ce\u03c2 \u03c7\u03c1\u03b7\u03c3\u03b9\u03bc\u03bf\u03c0\u03bf\u03b9\u03bf\u03cd\u03bd\u03c4\u03b1\u03b9 \u03b1\u03c5\u03c4\u03ad\u03c2 \u03bf\u03b9 \u03c0\u03bb\u03b7\u03c1\u03bf\u03c6\u03bf\u03c1\u03af\u03b5\u03c2 \u03ba\u03b1\u03b9 \u03c4\u03bf\u03bd \u03c4\u03c1\u03cc\u03c0\u03bf \u03b5\u03bb\u03ad\u03b3\u03c7\u03bf\u03c5 \u03c4\u03c9\u03bd \u03c0\u03c1\u03bf\u03c4\u03b9\u03bc\u03ae\u03c3\u03b5\u03c9\u03bd [&hellip;]","og_url":"https:\/\/darc-advertising.com\/es\/privacy-policy\/","og_site_name":"DARC Advertising","article_modified_time":"2020-12-18T12:02:02+00:00","twitter_card":"summary_large_image","schema":{"@context":"https:\/\/schema.org","@graph":[{"@type":"WebPage","@id":"https:\/\/darc-advertising.com\/privacy-policy\/","url":"https:\/\/darc-advertising.com\/privacy-policy\/","name":"Privacy Policy - DARC Advertising","isPartOf":{"@id":"https:\/\/darc-advertising.com\/#website"},"datePublished":"2019-03-01T17:08:25+00:00","dateModified":"2020-12-18T12:02:02+00:00","breadcrumb":{"@id":"https:\/\/darc-advertising.com\/privacy-policy\/#breadcrumb"},"inLanguage":"es","potentialAction":[{"@type":"ReadAction","target":["https:\/\/darc-advertising.com\/privacy-policy\/"]}]},{"@type":"BreadcrumbList","@id":"https:\/\/darc-advertising.com\/privacy-policy\/#breadcrumb","itemListElement":[{"@type":"ListItem","position":1,"name":"Home","item":"https:\/\/darc-advertising.com\/"},{"@type":"ListItem","position":2,"name":"Privacy Policy"}]},{"@type":"WebSite","@id":"https:\/\/darc-advertising.com\/#website","url":"https:\/\/darc-advertising.com\/","name":"Publicidad DARC","description":"Servicios de publicidad y comunicaci\u00f3n","publisher":{"@id":"https:\/\/darc-advertising.com\/#organization"},"potentialAction":[{"@type":"SearchAction","target":{"@type":"EntryPoint","urlTemplate":"https:\/\/darc-advertising.com\/?s={search_term_string}"},"query-input":{"@type":"PropertyValueSpecification","valueRequired":true,"valueName":"search_term_string"}}],"inLanguage":"es"},{"@type":"Organization","@id":"https:\/\/darc-advertising.com\/#organization","name":"Publicidad DARC","url":"https:\/\/darc-advertising.com\/","logo":{"@type":"ImageObject","inLanguage":"es","@id":"https:\/\/darc-advertising.com\/#\/schema\/logo\/image\/","url":"https:\/\/darc-advertising.com\/wp-content\/uploads\/white__ADV.svg","contentUrl":"https:\/\/darc-advertising.com\/wp-content\/uploads\/white__ADV.svg","width":1003,"height":302,"caption":"DARC Advertising"},"image":{"@id":"https:\/\/darc-advertising.com\/#\/schema\/logo\/image\/"}}]}},"_links":{"self":[{"href":"https:\/\/darc-advertising.com\/es\/wp-json\/wp\/v2\/pages\/3","targetHints":{"allow":["GET"]}}],"collection":[{"href":"https:\/\/darc-advertising.com\/es\/wp-json\/wp\/v2\/pages"}],"about":[{"href":"https:\/\/darc-advertising.com\/es\/wp-json\/wp\/v2\/types\/page"}],"author":[{"embeddable":true,"href":"https:\/\/darc-advertising.com\/es\/wp-json\/wp\/v2\/users\/1"}],"replies":[{"embeddable":true,"href":"https:\/\/darc-advertising.com\/es\/wp-json\/wp\/v2\/comments?post=3"}],"version-history":[{"count":0,"href":"https:\/\/darc-advertising.com\/es\/wp-json\/wp\/v2\/pages\/3\/revisions"}],"wp:attachment":[{"href":"https:\/\/darc-advertising.com\/es\/wp-json\/wp\/v2\/media?parent=3"}],"curies":[{"name":"wp","href":"https:\/\/api.w.org\/{rel}","templated":true}]}}